{"id":497,"date":"2024-08-23T10:44:21","date_gmt":"2024-08-23T07:44:21","guid":{"rendered":"https:\/\/allinapu.fi\/?page_id=497"},"modified":"2025-03-08T15:50:20","modified_gmt":"2025-03-08T13:50:20","slug":"hinnasto","status":"publish","type":"page","link":"https:\/\/allinapu.fi\/?page_id=497","title":{"rendered":"HINNASTO"},"content":{"rendered":"\n<p class=\"has-large-font-size\"><br><mark style=\"background-color:rgba(0, 0, 0, 0);color:#5aa02c\" class=\"has-inline-color\"><strong>HINNASTO<\/strong><\/mark><\/p>\n\n\n\n<p><\/p>\n\n\n\n<div class=\"wp-block-columns is-layout-flex wp-container-core-columns-is-layout-9d6595d7 wp-block-columns-is-layout-flex\">\n<div class=\"wp-block-column is-layout-flow wp-block-column-is-layout-flow\" style=\"flex-basis:100%\">\n<div class=\"wp-block-columns is-layout-flex wp-container-core-columns-is-layout-9d6595d7 wp-block-columns-is-layout-flex\">\n<div class=\"wp-block-column is-layout-flow wp-block-column-is-layout-flow\">\n<p><br><br><mark style=\"background-color:rgba(0, 0, 0, 0);color:#5aa02c\" class=\"has-inline-color\"><strong>HIERONTA<\/strong><\/mark><br>30 min 31\u20ac<br>45 min 37\u20ac<br>60 min 45\u20ac<br>90 min 60\u20ac<\/p>\n<\/div>\n\n\n\n<div class=\"wp-block-column is-layout-flow wp-block-column-is-layout-flow\">\n<p class=\"has-black-color has-text-color\"><br><br><strong><mark style=\"background-color:rgba(0, 0, 0, 0);color:#36af44\" class=\"has-inline-color\">LEIVONNAISET<\/mark><\/strong><br>Voileip\u00e4kakut alk. 3,50\u20ac\/hl\u00f6<br>T\u00e4ytekakut alk. 2,50\u20ac\/hl\u00f6<br>Juustokakut alk. 2,50\u20ac\/hl\u00f6<br>Leikkokakut (esim. tiikerikakku) alk. 15\u20ac<\/p>\n<\/div>\n<\/div>\n<\/div>\n<\/div>\n\n\n\n<p>&#8212;&#8212;&#8212;&#8212;&#8212;&#8212;-<\/p>\n\n\n\n<div class=\"wp-block-columns is-layout-flex wp-container-core-columns-is-layout-9d6595d7 wp-block-columns-is-layout-flex\">\n<div class=\"wp-block-column is-layout-flow wp-block-column-is-layout-flow\" style=\"flex-basis:100%\">\n<div class=\"wp-block-columns is-layout-flex wp-container-core-columns-is-layout-9d6595d7 wp-block-columns-is-layout-flex\">\n<div class=\"wp-block-column is-layout-flow wp-block-column-is-layout-flow\">\n<p><mark style=\"background-color:rgba(0, 0, 0, 0);color:#5aa02c\" class=\"has-inline-color\"><strong>MUUT HOIDOT<\/strong><\/mark> (sis. alv 25,5%)<br>Vy\u00f6hyketerapia n. 60 min 55\u20ac <br>Vy\u00f6hyketerapia ja hieronta n. 90 min 79\u20ac<br>Intialainen p\u00e4\u00e4hieronta n. 50 min 45\u20ac<\/p>\n<\/div>\n\n\n\n<div class=\"wp-block-column is-layout-flow wp-block-column-is-layout-flow\">\n<p>Piirakat (suolainen ja makea) alk. 2,20\u20ac\/hl\u00f6<br>Muffinit (suolainen ja makea) alk. 2,50\u20ac\/kpl<\/p>\n<\/div>\n<\/div>\n<\/div>\n<\/div>\n\n\n\n<p><\/p>\n\n\n\n<p>&#8212;&#8212;&#8212;&#8212;&#8212;&#8212;<\/p>\n\n\n\n<div class=\"wp-block-columns is-layout-flex wp-container-core-columns-is-layout-9d6595d7 wp-block-columns-is-layout-flex\">\n<div class=\"wp-block-column is-layout-flow wp-block-column-is-layout-flow\" style=\"flex-basis:100%\">\n<div class=\"wp-block-columns is-layout-flex wp-container-core-columns-is-layout-9d6595d7 wp-block-columns-is-layout-flex\">\n<div class=\"wp-block-column is-layout-flow wp-block-column-is-layout-flow\">\n<p>Varatun ajan peruutus teht\u00e4v\u00e4 v\u00e4hin\u00e4\u00e4n 12 tuntia aiemmin.<br>Peruuttamattomasta ajasta perit\u00e4\u00e4n 50% hoidon hinnasta yleisen k\u00e4yt\u00e4nn\u00f6n mukaisesti.<br>Lahjakortit ovat&nbsp;voimassa&nbsp;6&nbsp;kk.<\/p>\n<\/div>\n\n\n\n<div class=\"wp-block-column is-layout-flow wp-block-column-is-layout-flow\">\n<p>Kakut yleens\u00e4 10 \u2013 30hl\u00f6 kakkuja. Tarvittaessa my\u00f6s muun kokoisena.<\/p>\n\n\n\n<p>Kysy tarjous, mik\u00e4li hinnastosta ei mieleist\u00e4si tuotetta l\u00f6ydy.<\/p>\n<\/div>\n<\/div>\n<\/div>\n<\/div>\n","protected":false},"excerpt":{"rendered":"<p>HINNASTO HIERONTA30 min 31\u20ac45 min 37\u20ac60 min 45\u20ac90 min 60\u20ac LEIVONNAISETVoileip\u00e4kakut alk. 3,50\u20ac\/hl\u00f6T\u00e4ytekakut alk. 2,50\u20ac\/hl\u00f6Juustokakut alk. 2,50\u20ac\/hl\u00f6Leikkokakut (esim. tiikerikakku) alk. 15\u20ac &#8212;&#8212;&#8212;&#8212;&#8212;&#8212;- MUUT HOIDOT (sis. alv 25,5%)Vy\u00f6hyketerapia n. 60 min 55\u20ac Vy\u00f6hyketerapia ja hieronta n. 90 min 79\u20acIntialainen p\u00e4\u00e4hieronta n. 50 min 45\u20ac Piirakat (suolainen ja makea) alk. 2,20\u20ac\/hl\u00f6Muffinit (suolainen ja makea) alk. 2,50\u20ac\/kpl &#8212;&#8212;&#8212;&#8212;&#8212;&#8212; [&hellip;]<\/p>\n","protected":false},"author":2,"featured_media":0,"parent":0,"menu_order":0,"comment_status":"closed","ping_status":"closed","template":"","meta":{"footnotes":""},"class_list":["post-497","page","type-page","status-publish","hentry"],"_links":{"self":[{"href":"https:\/\/allinapu.fi\/index.php?rest_route=\/wp\/v2\/pages\/497","targetHints":{"allow":["GET"]}}],"collection":[{"href":"https:\/\/allinapu.fi\/index.php?rest_route=\/wp\/v2\/pages"}],"about":[{"href":"https:\/\/allinapu.fi\/index.php?rest_route=\/wp\/v2\/types\/page"}],"author":[{"embeddable":true,"href":"https:\/\/allinapu.fi\/index.php?rest_route=\/wp\/v2\/users\/2"}],"replies":[{"embeddable":true,"href":"https:\/\/allinapu.fi\/index.php?rest_route=%2Fwp%2Fv2%2Fcomments&post=497"}],"version-history":[{"count":11,"href":"https:\/\/allinapu.fi\/index.php?rest_route=\/wp\/v2\/pages\/497\/revisions"}],"predecessor-version":[{"id":558,"href":"https:\/\/allinapu.fi\/index.php?rest_route=\/wp\/v2\/pages\/497\/revisions\/558"}],"wp:attachment":[{"href":"https:\/\/allinapu.fi\/index.php?rest_route=%2Fwp%2Fv2%2Fmedia&parent=497"}],"curies":[{"name":"wp","href":"https:\/\/api.w.org\/{rel}","templated":true}]}}