{"id":218,"date":"2020-06-05T16:55:44","date_gmt":"2020-06-05T13:55:44","guid":{"rendered":"https:\/\/allinapu.fi\/?page_id=218"},"modified":"2024-08-03T10:49:37","modified_gmt":"2024-08-03T07:49:37","slug":"hieronnasta-terveytta","status":"publish","type":"page","link":"https:\/\/allinapu.fi\/","title":{"rendered":"Allin Apu \/ hoidot"},"content":{"rendered":"\n<figure class=\"wp-block-image size-full is-style-default\"><img loading=\"lazy\" decoding=\"async\" width=\"2450\" height=\"1500\" src=\"https:\/\/allinapu.fi\/wp-content\/uploads\/2020\/06\/header6B.jpg\" alt=\"\" class=\"wp-image-274\" srcset=\"https:\/\/allinapu.fi\/wp-content\/uploads\/2020\/06\/header6B.jpg 2450w, https:\/\/allinapu.fi\/wp-content\/uploads\/2020\/06\/header6B-300x184.jpg 300w, https:\/\/allinapu.fi\/wp-content\/uploads\/2020\/06\/header6B-1024x627.jpg 1024w, https:\/\/allinapu.fi\/wp-content\/uploads\/2020\/06\/header6B-768x470.jpg 768w, https:\/\/allinapu.fi\/wp-content\/uploads\/2020\/06\/header6B-1536x940.jpg 1536w, https:\/\/allinapu.fi\/wp-content\/uploads\/2020\/06\/header6B-2048x1254.jpg 2048w\" sizes=\"auto, (max-width: 2450px) 100vw, 2450px\" \/><\/figure>\n\n\n\n<div class=\"wp-block-columns is-layout-flex wp-container-core-columns-is-layout-9d6595d7 wp-block-columns-is-layout-flex\">\n<div class=\"wp-block-column is-layout-flow wp-block-column-is-layout-flow\">\n<div style=\"height:35px\" aria-hidden=\"true\" class=\"wp-block-spacer\"><\/div>\n\n\n\n<h4 class=\"has-text-color wp-block-heading\" style=\"color:#5aa02c\">INTIALAINEN P\u00c4\u00c4HIERONTA<\/h4>\n\n\n\n<p>Nykyaikainen intialainen p\u00e4\u00e4hieronta yhdist\u00e4\u00e4 alkuper\u00e4isen tuhansia vuosia vanhan p\u00e4\u00e4hieronnan ja niska-hartiaseudun hieronnan. Se on l\u00e4nsimaalaiseen el\u00e4m\u00e4ntapaan sopivaa yksikertaista ja rauhoittavaa hierontaa. Se laukaisee stressi\u00e4 ja helpottaa stressin aiheuttamia oireita. Hoidolla on sek\u00e4 rentouttava ett\u00e4 virkist\u00e4v\u00e4 vaikutus.<\/p>\n\n\n\n<p>Hieronta tasapainottaa autonomista hermostoa ja siten nopeuttaa kehon omia paranemisprosesseja sek\u00e4 ennaltaehk\u00e4isee sairauksia vahvistamalla vastustuskyky\u00e4. Hoidon aikana vapautuvat endorfiinit vaikuttavat tehokkaasti my\u00f6s mieleen antaen voimia ja el\u00e4m\u00e4niloa.<\/p>\n\n\n\n<p>Nykyaikaisen intialaisen p\u00e4\u00e4hieronnan metodin on kehitt\u00e4nyt intialainen n\u00e4k\u00f6vammainen osteopaatti ja hierontaterapeutti Narendra Mehta. H\u00e4n opiskeli opiskeli alkuper\u00e4ist\u00e4 intialaista p\u00e4\u00e4hierontaa ja yhdisti siihen niska-hartiaseudun hieronnan sek\u00e4 olkavarsien, kasvojen ja korvien k\u00e4sittelyn.<\/p>\n\n\n\n<p><\/p>\n\n\n\n<p>Meille Suomeen nykyaikaisen intialaisen p\u00e4\u00e4hieronnan toi Mehtan oppilas irlantilaissyntyinen Dee Ahren 1999. T\u00e4m\u00e4 hoitomuoto on muokkautunut jonkin verran kouluttajien ja hoidon harjoittajien k\u00e4siss\u00e4. Jokaisen hierontaa tekev\u00e4n k\u00e4det luovat oman k\u00e4sialansa, t\u00e4rkeint\u00e4 on kuitenkin hoidon vaikutus eik\u00e4 tekniikka.<\/p>\n\n\n\n<p><strong>Vaikutuksia<\/strong><\/p>\n\n\n\n<ul class=\"wp-block-list\">\n<li>rentoutunut olo<\/li>\n\n\n\n<li>stressiper\u00e4isten oireiden helpottuminen<\/li>\n\n\n\n<li>niska-hartias\u00e4rkyjen helpottuminen<\/li>\n\n\n\n<li>p\u00e4\u00e4ns\u00e4ryn\/ migreenin helpottuminen<\/li>\n\n\n\n<li>unen laadun paraneminen<\/li>\n\n\n\n<li>aineenvaihdunnan vilkastuminen<\/li>\n\n\n\n<li>verenkierron paraneminen<\/li>\n\n\n\n<li>aivojen hapensaannin lis\u00e4\u00e4ntyminen<\/li>\n\n\n\n<li>kasvojen- ja silmien turvotuksen aleneminen<\/li>\n<\/ul>\n\n\n\n<p><\/p>\n\n\n\n<div style=\"height:36px\" aria-hidden=\"true\" class=\"wp-block-spacer\"><\/div>\n\n\n\n<h4 class=\"has-text-color wp-block-heading\" style=\"color:#5aa02c\">VY\u00d6HYKETERAPIA<\/h4>\n\n\n\n<p><strong>Hoito on yhteisty\u00f6t\u00e4<\/strong><\/p>\n\n\n\n<p>Hoito on yhteisty\u00f6t\u00e4 terapeuttisi kanssa. Voit avoimesti kertoa itsest\u00e4si ja ongelmistasi, sill\u00e4 terapeutilla on vaitiolovelvollisuus. Terapeutin antamia ohjeita on hyv\u00e4 noudattaa, jotta asetettuun tavoitteeseen p\u00e4\u00e4st\u00e4isiin. Terapeutti on Sinun tukenasi kun tavoittelet parempaa oloa, tasapainoa ja terveytt\u00e4.<\/p>\n\n\n\n<p>Hoidon aikana on t\u00e4rke\u00e4\u00e4, ett\u00e4 kerrot tuntemuksistasi, koska aktivoituneessa heijasteessa saattaa tuntua kipua. K\u00e4sittelyn voimakkuus s\u00e4\u00e4dell\u00e4\u00e4n aina yksil\u00f6llisesti. On hyv\u00e4 kertoa my\u00f6s mahdollisista hoidon j\u00e4lkeisist\u00e4 reaktioista.<\/p>\n\n\n\n<p>Vy\u00f6hyketerapia on luontaisterapeuttinen hoitomuoto, joka toistaiseksi ei kuulu koulul\u00e4\u00e4ketieteen piiriin. Luontaisterapiat eiv\u00e4t kumoa koulul\u00e4\u00e4ketiedett\u00e4 tai kilpaile sen kanssa; ne voivat t\u00e4ydent\u00e4\u00e4 toisiaan.<\/p>\n\n\n\n<p><strong>Muista!<\/strong><\/p>\n\n\n\n<p>Mik\u00e4li k\u00e4yt\u00e4t l\u00e4\u00e4kkeit\u00e4 tai olet saanut muita hoito-ohjeita l\u00e4\u00e4k\u00e4rilt\u00e4si, on niist\u00e4 hyv\u00e4 mainita ennen hoidon aloittamista. L\u00e4\u00e4k\u00e4rin m\u00e4\u00e4r\u00e4\u00e4miin l\u00e4\u00e4kkeisiin ja muihin hoitoihin emme t\u00e4ss\u00e4 hoitosuhteessa puutu; Sin\u00e4 neuvottelet itse l\u00e4\u00e4k\u00e4risi kanssa.<\/p>\n\n\n\n<p>Jos kiinnostuksesi vy\u00f6hyketerapiaan tai Intialaiseen p\u00e4\u00e4n\u00adhierontaan her\u00e4si, ota yhteytt\u00e4 ja sovitaan sinulle sopiva hoitoaika.<\/p>\n\n\n\n<p><strong>Mit\u00e4 on refleksologia l. koko kehon vy\u00f6hyketerapia<\/strong><\/p>\n\n\n\n<p>Refleksologia perustuu ikivanhaan hoitomuotoon, jota on k\u00e4ytetty eri puolilla maapalloa jo tuhansia vuosia. Se kehittyy jatkuvasti hoidoista saatujen havaintojen sek\u00e4 kokemusten my\u00f6t\u00e4. Sen avulla voidaan tehd\u00e4 terveydentilasta analyysi, ennaltaehk\u00e4ist\u00e4 ja hoitaa erilaisia h\u00e4iri\u00f6- ja sairaustiloja. Hoito elvytt\u00e4\u00e4 kehon omia parantavia voimavaroja ja tasapainottaa h\u00e4iriintyneit\u00e4 elintoimintoja.<\/p>\n\n\n\n<p>Refleksologia on k\u00e4sin suoritettavaa hoitoa, jossa sormin, vy\u00f6hyke\u00adpuikoin tai s\u00e4hk\u00f6isen Bas-laitteen avulla stimuloidaan kehossa olevia heijasteita esim. jalkaterist\u00e4, s\u00e4\u00e4rist\u00e4, korvista ja k\u00e4sist\u00e4.<\/p>\n\n\n\n<p><strong>Kenelle, miksi ja miten usein<\/strong><\/p>\n\n\n\n<p>Hoito sopii kaikille, periaatteella vauvasta vaariin, koska k\u00e4sittely aina suunnitellaan asiakkaan tarpeen ja tilanteen mukaan. Refleksologia sopii hyvin terveyden ja hyvinvoinnin yll\u00e4pit\u00e4miseen.<\/p>\n\n\n\n<p><\/p>\n\n\n\n<p>Hoitokertojen m\u00e4\u00e4r\u00e4 ja tiheys vaihtelevat, jo 3-4 hoitoa antaa hyv\u00e4n olon ja tuloksia. Hoito tapahtuu tavallisesti 1-2 kertaa viikossa ja kest\u00e4\u00e4 kerralla tunnista puoleentoista tuntia.<\/p>\n\n\n\n<p><strong>Hoitoreaktioista<\/strong><\/p>\n\n\n\n<p>Hoidon vaikutukset ovat aina yksil\u00f6llisi\u00e4.<\/p>\n\n\n\n<p>Tavallista on, ett\u00e4 olo tuntuu kevyelt\u00e4; ik\u00e4\u00e4n kuin akut olisi ladattu. Nauti siit\u00e4.<\/p>\n\n\n\n<p><\/p>\n\n\n\n<div style=\"height:34px\" aria-hidden=\"true\" class=\"wp-block-spacer\"><\/div>\n\n\n\n<div style=\"height:21px\" aria-hidden=\"true\" class=\"wp-block-spacer\"><\/div>\n\n\n\n<iframe loading=\"lazy\" src=\"https:\/\/www.google.com\/maps\/embed?pb=!1m18!1m12!1m3!1d1923.9390753012194!2d23.848764251987934!3d61.17001568225365!2m3!1f0!2f0!3f0!3m2!1i1024!2i768!4f13.1!3m3!1m2!1s0x468eec146ea580ad%3A0xf93c9ccfa29c67f2!2sAllin%20Apu!5e0!3m2!1sfi!2sfi!4v1591368403474!5m2!1sfi!2sfi\" style=\"border:0;\" allowfullscreen=\"\" aria-hidden=\"false\" tabindex=\"0\" width=\"520\" height=\"400\" frameborder=\"0\"><\/iframe>\n<\/div>\n\n\n\n<div class=\"wp-block-column is-layout-flow wp-block-column-is-layout-flow\">\n<div style=\"height:41px\" aria-hidden=\"true\" class=\"wp-block-spacer\"><\/div>\n\n\n\n<h4 class=\"has-text-color wp-block-heading\" style=\"color:#5aa02c\">HIERONTA<\/h4>\n\n\n\n<p>Perushieronta auttaa rentouttamaan j\u00e4nnittyneit\u00e4 lihaksia ja helpottaa kiputiloissa.<\/p>\n\n\n\n<p>Hieronta annetaan 1-3 kertaa viikossa tai harvemmin erilaisiin lihaksiston ongelmiin.<\/p>\n\n\n\n<p><strong>Miten hieronta vaikuttaa<\/strong><\/p>\n\n\n\n<p>Hieronta vaikuttaa eritavoin eri henkil\u00f6ihin. Lihakseen kohdistuva paine ja venytys sek\u00e4 kitka ovat hieronnan mekaanisia vaikutuksia. Hieronnassa vapautuu kipua est\u00e4vi\u00e4 v\u00e4litt\u00e4j\u00e4aineita mm endorfiinia. Ensimm\u00e4isen k\u00e4sittelyn j\u00e4lkeen lihakset ovat usein arat, mutta toistuvien hierontojen j\u00e4lkeen lihakset rentoutuvat ja j\u00e4nnitystilat helpottavat.<\/p>\n\n\n\n<p>Hieronta vaikuttaa ihmiseen monella tasolla ja tavalla. Vaikutukset verenkiertoon, ihoon, kipuun, hermokudokseen, keuhkoihin, imunestekiertoon, vereen, sis\u00e4elimiin ja lihaksiin ovat yksil\u00f6llisi\u00e4, kuten jokainen hierontakin.<\/p>\n\n\n\n<p>Lihaksen suorituskykyyn hieronnalla on ep\u00e4suora vaikutus, mutta hieronta ei kuitenkaan lis\u00e4\u00e4 voimantuottoa.<\/p>\n\n\n\n<figure class=\"wp-block-image size-full\"><img loading=\"lazy\" decoding=\"async\" width=\"500\" height=\"300\" src=\"https:\/\/allinapu.fi\/wp-content\/uploads\/2020\/06\/hiero1.jpg\" alt=\"\" class=\"wp-image-231\" srcset=\"https:\/\/allinapu.fi\/wp-content\/uploads\/2020\/06\/hiero1.jpg 500w, https:\/\/allinapu.fi\/wp-content\/uploads\/2020\/06\/hiero1-300x180.jpg 300w\" sizes=\"auto, (max-width: 500px) 100vw, 500px\" \/><\/figure>\n\n\n\n<div style=\"height:37px\" aria-hidden=\"true\" class=\"wp-block-spacer\"><\/div>\n\n\n\n<h4 class=\"has-text-color wp-block-heading\" style=\"color:#5aa02c\">HOITOTUOTTEET<\/h4>\n\n\n\n<p>COOLMENT<\/p>\n\n\n\n<p>Coolment on tehokas ja monipuolinen hoitava sek\u00e4 viilent\u00e4v\u00e4 luonnontuote. Se aktivoi elimist\u00f6n oman puolustusj\u00e4rjestelm\u00e4n eli auttaa elimist\u00f6\u00e4 hoitamaan itse itsens\u00e4 parantaen n\u00e4in tehokkaasti verenkiertoa ja aineenvaihduntaa.<\/p>\n\n\n\n<p><strong>Vaikutustavat<\/strong><\/p>\n\n\n\n<p>Kuljettaa vaikuttavat aineet syv\u00e4lle kudokseen aktivoiden elimist\u00f6n puolustusj\u00e4rjestelm\u00e4n.<\/p>\n\n\n\n<p>Aiheuttaa iholla voimakkaan viilent\u00e4v\u00e4n reaktion ja laskee ihon l\u00e4mp\u00f6tilaa v\u00e4hent\u00e4en kipua ja tulehdusta.<\/p>\n\n\n\n<ul class=\"wp-block-list\">\n<li>kipuun, s\u00e4rkyyn ja tulehduksiin<\/li>\n\n\n\n<li>verenkiertoon ja aineenvaihduntaan<\/li>\n\n\n\n<li>ihonhoitoon<\/li>\n\n\n\n<li>hengitysteiden hoitoon<\/li>\n\n\n\n<li>hierontaan ja fysioterapiaan<\/li>\n\n\n\n<li>kylm\u00e4hoitoon<\/li>\n<\/ul>\n\n\n\n<p>KYSY TARKEMMIN MYYJ\u00c4LT\u00c4SI!<\/p>\n\n\n\n<p><strong>K\u00e4ytt\u00f6<\/strong><\/p>\n\n\n\n<p>Ulkoisesti hoitoalueelle 2-3 kertaa vuorokaudessa tai tarpeen mukaan kuurihoitona 1-3 viikkoa. V\u00e4lt\u00e4 aineen joutumista suuhun, silmiin ja limakalvoille; antaa polttavan tunteen.<\/p>\n\n\n\n<figure class=\"wp-block-image size-full\"><img loading=\"lazy\" decoding=\"async\" width=\"500\" height=\"300\" src=\"https:\/\/allinapu.fi\/wp-content\/uploads\/2020\/06\/coolment.jpg\" alt=\"\" class=\"wp-image-287\" srcset=\"https:\/\/allinapu.fi\/wp-content\/uploads\/2020\/06\/coolment.jpg 500w, https:\/\/allinapu.fi\/wp-content\/uploads\/2020\/06\/coolment-300x180.jpg 300w\" sizes=\"auto, (max-width: 500px) 100vw, 500px\" \/><\/figure>\n\n\n\n<hr class=\"wp-block-separator has-css-opacity\"\/>\n\n\n\n<div style=\"height:40px\" aria-hidden=\"true\" class=\"wp-block-spacer\"><\/div>\n\n\n\n<div style=\"height:48px\" aria-hidden=\"true\" class=\"wp-block-spacer\"><\/div>\n\n\n\n<h4 class=\"has-text-color wp-block-heading\" style=\"color:#5aa02c\">SARIN CV:ST\u00c4<\/h4>\n\n\n\n<p>2006 &#8211; 2007 <strong>Tampereen aikuiskoulutuskeskus<\/strong><br>Koulutettu hieroja<\/p>\n\n\n\n<p>2003 &#8211; 2005 <strong>Medika Nova, Tampere<\/strong><br>Diplomi-refleksologi<\/p>\n\n\n\n<p>2004 &#8211; 2005 <strong>Tampereen Ammattioppilaitos<\/strong><br>Terveydenhuollon perusteet<\/p>\n\n\n\n<p>2005 <strong>Medika Nova, Tampere<\/strong><br>Intialaisen p\u00e4\u00e4nhieronnan peruskurssi ja jatkokurssi<\/p>\n\n\n\n<p>2005 <strong>Medika Nova, Tampere<\/strong><br>Homeopatian perusteet<br>Homeopaattinen kotiapteekki<\/p>\n\n\n\n<div style=\"height:34px\" aria-hidden=\"true\" class=\"wp-block-spacer\"><\/div>\n\n\n\n<h4 class=\"wp-block-heading\">ALLIN APU OY hieronnat<br><em>Ajulantie 23, 37800 Akaa<\/em><\/h4>\n\n\n\n<div style=\"height:40px\" aria-hidden=\"true\" class=\"wp-block-spacer\"><\/div>\n<\/div>\n<\/div>\n\n\n\n<p><\/p>\n","protected":false},"excerpt":{"rendered":"<p>INTIALAINEN P\u00c4\u00c4HIERONTA Nykyaikainen intialainen p\u00e4\u00e4hieronta yhdist\u00e4\u00e4 alkuper\u00e4isen tuhansia vuosia vanhan p\u00e4\u00e4hieronnan ja niska-hartiaseudun hieronnan. Se on l\u00e4nsimaalaiseen el\u00e4m\u00e4ntapaan sopivaa yksikertaista ja rauhoittavaa hierontaa. Se laukaisee stressi\u00e4 ja helpottaa stressin aiheuttamia oireita. Hoidolla on sek\u00e4 rentouttava ett\u00e4 virkist\u00e4v\u00e4 vaikutus. Hieronta tasapainottaa autonomista hermostoa ja siten nopeuttaa kehon omia paranemisprosesseja sek\u00e4 ennaltaehk\u00e4isee sairauksia vahvistamalla vastustuskyky\u00e4. Hoidon aikana [&hellip;]<\/p>\n","protected":false},"author":2,"featured_media":0,"parent":0,"menu_order":0,"comment_status":"closed","ping_status":"closed","template":"","meta":{"footnotes":""},"class_list":["post-218","page","type-page","status-publish","hentry"],"_links":{"self":[{"href":"https:\/\/allinapu.fi\/index.php?rest_route=\/wp\/v2\/pages\/218","targetHints":{"allow":["GET"]}}],"collection":[{"href":"https:\/\/allinapu.fi\/index.php?rest_route=\/wp\/v2\/pages"}],"about":[{"href":"https:\/\/allinapu.fi\/index.php?rest_route=\/wp\/v2\/types\/page"}],"author":[{"embeddable":true,"href":"https:\/\/allinapu.fi\/index.php?rest_route=\/wp\/v2\/users\/2"}],"replies":[{"embeddable":true,"href":"https:\/\/allinapu.fi\/index.php?rest_route=%2Fwp%2Fv2%2Fcomments&post=218"}],"version-history":[{"count":44,"href":"https:\/\/allinapu.fi\/index.php?rest_route=\/wp\/v2\/pages\/218\/revisions"}],"predecessor-version":[{"id":490,"href":"https:\/\/allinapu.fi\/index.php?rest_route=\/wp\/v2\/pages\/218\/revisions\/490"}],"wp:attachment":[{"href":"https:\/\/allinapu.fi\/index.php?rest_route=%2Fwp%2Fv2%2Fmedia&parent=218"}],"curies":[{"name":"wp","href":"https:\/\/api.w.org\/{rel}","templated":true}]}}